{"id":745,"date":"2018-08-31T16:17:37","date_gmt":"2018-08-31T19:17:37","guid":{"rendered":"https:\/\/isp4c-sfe.infd.edu.ar\/sitio\/oferta-educativa\/"},"modified":"2021-06-02T16:12:37","modified_gmt":"2021-06-02T19:12:37","slug":"oferta-educativa","status":"publish","type":"page","link":"https:\/\/isp4c-sfe.infd.edu.ar\/sitio\/oferta-educativa\/","title":{"rendered":"Oferta Educativa"},"content":{"rendered":"<h5 style=\"text-align: center;\"><\/h5>\n<ul>\n<li>\n<h5 style=\"text-align: left;\"><span style=\"font-size: 12pt; color: #000000;\"><strong><a style=\"color: #000000;\" title=\"Profesorado en Educaci\u00f3n Primaria\" href=\"index.cgi?wid_item=21&amp;wid_seccion=17\">Profesorado en Educaci\u00f3n Primaria<\/a><\/strong><\/span><\/h5>\n<\/li>\n<li>\n<h5 style=\"text-align: left;\"><a href=\"https:\/\/isp4c-sfe.infd.edu.ar\/sitio\/profesorado-de-primer-y-segundo-ciclo-de-la-egb\/\"><span style=\"font-size: 12pt; color: #000000;\"><strong>Profesorado de Educaci\u00f3n Secundaria en Biolog\u00eda\u00a0<\/strong><\/span><\/a><\/h5>\n<\/li>\n<\/ul>\n<h5 style=\"text-align: center;\"><\/h5>\n<ul>\n<li style=\"text-align: left;\"><a href=\"https:\/\/isp4c-sfe.infd.edu.ar\/sitio\/tecnicatura-superior-en-comercializacion-y-administracion-de-empresas\/\"><span style=\"font-size: 12pt; color: #000000;\"><strong>Tecnicatura Superior en Gesti\u00f3n de las Organizaciones<\/strong><\/span><\/a><\/li>\n<li><a href=\"https:\/\/isp4c-sfe.infd.edu.ar\/sitio\/tecnicatura-superior-en-enfermeria\/\"><strong>Tecnicatura Superior en Enfermer\u00eda<\/strong><\/a><\/li>\n<\/ul>\n<p>&nbsp;<\/p>\n<p>&nbsp;<\/p>\n<p>&nbsp;<\/p>\n<h3 style=\"text-align: center;\"><\/h3>\n","protected":false},"excerpt":{"rendered":"<p>Profesorado en Educaci\u00f3n Primaria Profesorado de Educaci\u00f3n Secundaria en Biolog\u00eda\u00a0 Tecnicatura Superior en Gesti\u00f3n de las Organizaciones Tecnicatura Superior en Enfermer\u00eda &nbsp; &nbsp; &nbsp;<\/p>\n","protected":false},"author":55,"featured_media":0,"parent":0,"menu_order":0,"comment_status":"closed","ping_status":"closed","template":"","meta":[],"acf":[],"_links":{"self":[{"href":"https:\/\/isp4c-sfe.infd.edu.ar\/sitio\/wp-json\/wp\/v2\/pages\/745"}],"collection":[{"href":"https:\/\/isp4c-sfe.infd.edu.ar\/sitio\/wp-json\/wp\/v2\/pages"}],"about":[{"href":"https:\/\/isp4c-sfe.infd.edu.ar\/sitio\/wp-json\/wp\/v2\/types\/page"}],"author":[{"embeddable":true,"href":"https:\/\/isp4c-sfe.infd.edu.ar\/sitio\/wp-json\/wp\/v2\/users\/55"}],"replies":[{"embeddable":true,"href":"https:\/\/isp4c-sfe.infd.edu.ar\/sitio\/wp-json\/wp\/v2\/comments?post=745"}],"version-history":[{"count":6,"href":"https:\/\/isp4c-sfe.infd.edu.ar\/sitio\/wp-json\/wp\/v2\/pages\/745\/revisions"}],"predecessor-version":[{"id":1006,"href":"https:\/\/isp4c-sfe.infd.edu.ar\/sitio\/wp-json\/wp\/v2\/pages\/745\/revisions\/1006"}],"wp:attachment":[{"href":"https:\/\/isp4c-sfe.infd.edu.ar\/sitio\/wp-json\/wp\/v2\/media?parent=745"}],"curies":[{"name":"wp","href":"https:\/\/api.w.org\/{rel}","templated":true}]}}