{"id":759,"date":"2018-08-31T16:17:41","date_gmt":"2018-08-31T19:17:41","guid":{"rendered":"https:\/\/isp4c-sfe.infd.edu.ar\/sitio\/datos-institucionales\/"},"modified":"2020-03-25T19:25:01","modified_gmt":"2020-03-25T22:25:01","slug":"datos-institucionales","status":"publish","type":"page","link":"https:\/\/isp4c-sfe.infd.edu.ar\/sitio\/datos-institucionales\/","title":{"rendered":"Datos institucionales"},"content":{"rendered":"<blockquote>\n<p style=\"text-align: center;\"><span style=\"color: #999966; font-family: 'andale mono', times; font-size: large;\"><em><strong>Instituto Superior de Profesorado N\u00ba 66<\/strong><\/em><\/span><\/p>\n<p style=\"text-align: center;\"><span style=\"color: #999966; font-family: 'andale mono', times; font-size: large;\"><em><strong>\u00a0Calchaqu\u00ed<\/strong><\/em><\/span><\/p>\n<p style=\"text-align: center;\">\n<p><span style=\"font-size: small;\"><span style=\"color: #000000;\"><span style=\"font-family: verdana, geneva;\"><strong>Inicio de Actividades:<\/strong> 1991\u00a0<\/span><\/span><\/span><\/p>\n<p><span style=\"color: #000000;\"><span style=\"font-family: verdana, geneva;\"><span style=\"font-size: small;\"><span style=\"font-size: small;\"><strong>Direcci\u00f3n<\/strong>: Blvd. Belgrano 281<\/span><\/span><\/span><\/span><\/p>\n<p><span style=\"font-size: small;\"><span style=\"color: #000000;\"><span style=\"font-family: verdana, geneva;\"><strong>Localidad<\/strong>: Calchaqu\u00ed<\/span><\/span><\/span><\/p>\n<p><span style=\"font-size: small;\"><span style=\"color: #000000;\"><span style=\"font-family: verdana, geneva;\"><strong>C\u00f3digo Postal<\/strong>: 3050<\/span><\/span><\/span><\/p>\n<p><span style=\"font-size: small;\"><span style=\"color: #000000;\"><span style=\"font-family: verdana, geneva;\"><strong>Provincia<\/strong>: Santa Fe<\/span><\/span><\/span><\/p>\n<p><span style=\"font-size: small;\"><span style=\"font-size: small;\"><span style=\"color: #000000;\"><span style=\"font-family: verdana, geneva;\"><strong>Tel\u00e9fono<\/strong>: 03483-470384<\/span><\/span><\/span><\/span><\/p>\n<p><span style=\"font-size: small;\"><span style=\"font-size: small;\"><span style=\"color: #000000;\"><span style=\"font-family: verdana, geneva;\"><strong>E-mail de consultas:<\/strong>\u00a0superior66_calchaqui@santafe.edu.ar<\/span><\/span><\/span><\/span><\/p>\n<p><span style=\"font-size: small;\"><span style=\"font-size: small;\"><span style=\"font-size: small;\"><span style=\"color: #000000;\"><span style=\"font-family: verdana, geneva;\"><strong>URL:<\/strong>\u00a0 <\/span><\/span><a href=\"http:\/\/isp4c.sfe.infd.edu.ar%C2%A0\/\"><span style=\"color: #000000; font-family: verdana, geneva;\">http:\/\/<\/span><\/a><a href=\"http:\/\/www.isp4c.sfe.infd.edu.ar\/\"><span style=\"color: #000000; font-family: verdana, geneva;\">isp4c.sfe.infd.edu.ar<\/span><\/a><\/span><\/span><span style=\"color: #000000;\"><span style=\"font-family: verdana, geneva;\"><span style=\"font-size: small;\">\u00a0<\/span><span style=\"font-size: small;\">\u00a0<\/span><\/span><\/span><\/span><\/p>\n<p><span style=\"font-size: small;\"><span style=\"font-size: small;\"><span style=\"color: #000000;\"><span style=\"font-family: verdana, geneva;\"><span style=\"font-family: verdana, geneva;\"><strong>Horarios de atenci\u00f3n:<\/strong> Lunes a Viernes de 18 a 23 hs<\/span>.<\/span><\/span><\/span><\/span><\/p><\/blockquote>\n","protected":false},"excerpt":{"rendered":"<p>Instituto Superior de Profesorado N\u00ba 66 \u00a0Calchaqu\u00ed Inicio de Actividades: 1991\u00a0 Direcci\u00f3n: Blvd. Belgrano 281 Localidad: Calchaqu\u00ed C\u00f3digo Postal: 3050 Provincia: Santa Fe Tel\u00e9fono: 03483-470384 E-mail de consultas:\u00a0superior66_calchaqui@santafe.edu.ar URL:\u00a0 http:\/\/isp4c.sfe.infd.edu.ar\u00a0\u00a0 Horarios de atenci\u00f3n: Lunes a Viernes de 18 a 23 hs.<\/p>\n","protected":false},"author":55,"featured_media":0,"parent":0,"menu_order":0,"comment_status":"closed","ping_status":"closed","template":"","meta":[],"acf":[],"_links":{"self":[{"href":"https:\/\/isp4c-sfe.infd.edu.ar\/sitio\/wp-json\/wp\/v2\/pages\/759"}],"collection":[{"href":"https:\/\/isp4c-sfe.infd.edu.ar\/sitio\/wp-json\/wp\/v2\/pages"}],"about":[{"href":"https:\/\/isp4c-sfe.infd.edu.ar\/sitio\/wp-json\/wp\/v2\/types\/page"}],"author":[{"embeddable":true,"href":"https:\/\/isp4c-sfe.infd.edu.ar\/sitio\/wp-json\/wp\/v2\/users\/55"}],"replies":[{"embeddable":true,"href":"https:\/\/isp4c-sfe.infd.edu.ar\/sitio\/wp-json\/wp\/v2\/comments?post=759"}],"version-history":[{"count":4,"href":"https:\/\/isp4c-sfe.infd.edu.ar\/sitio\/wp-json\/wp\/v2\/pages\/759\/revisions"}],"predecessor-version":[{"id":801,"href":"https:\/\/isp4c-sfe.infd.edu.ar\/sitio\/wp-json\/wp\/v2\/pages\/759\/revisions\/801"}],"wp:attachment":[{"href":"https:\/\/isp4c-sfe.infd.edu.ar\/sitio\/wp-json\/wp\/v2\/media?parent=759"}],"curies":[{"name":"wp","href":"https:\/\/api.w.org\/{rel}","templated":true}]}}