{"id":781,"date":"2018-08-31T16:17:50","date_gmt":"2018-08-31T19:17:50","guid":{"rendered":"https:\/\/isp4c-sfe.infd.edu.ar\/sitio\/tecnicatura-superior-en-comercializacion-y-administracion-de-empresas\/"},"modified":"2021-06-07T22:56:41","modified_gmt":"2021-06-08T01:56:41","slug":"tecnicatura-superior-en-comercializacion-y-administracion-de-empresas","status":"publish","type":"page","link":"https:\/\/isp4c-sfe.infd.edu.ar\/sitio\/tecnicatura-superior-en-comercializacion-y-administracion-de-empresas\/","title":{"rendered":"Tecnicatura Superior en Gesti\u00f3n de las Organizaciones"},"content":{"rendered":"<h3><\/h3>\n<p>&nbsp;<\/p>\n<h3 style=\"text-align: center;\"><span style=\"color: #ff9900; text-decoration: underline;\">Descripci\u00f3n<\/span><\/h3>\n<p style=\"text-align: justify;\">La Tecnicatura Superior en Gesti\u00f3n de las Organizaciones se propone formar profesionales que se encontrar\u00e1n capacitados para:<\/p>\n<ul>\n<li style=\"text-align: justify;\">Planificar, organizar, dirigir y controlar las operaciones relacionadas con las distintas \u00e1reas de una organizaci\u00f3n, teniendo en cuenta la estrategia y las normas de seguridad e higiene en el trabajo.<\/li>\n<li style=\"text-align: justify;\">Interactuar con los diferentes roles ocupacionales y \u00e1reas organizacionales , mediante el trabajo en equipo de forma cooperativa, con capacidad para negociar, argumentar y articular propuestas, necesidades y expectativas.<\/li>\n<li>Generar propuestas innovadoras y emprendimientos productivos propios del \u00e1mbito de la gesti\u00f3n de las organizaciones.<\/li>\n<\/ul>\n<h3 style=\"text-align: center;\"><span style=\"color: #ff9900; text-decoration: underline;\">\u00c1rea Ocupacional<\/span><\/h3>\n<p>El T\u00e9cnico Superior en Gesti\u00f3n de las Organizaciones podr\u00e1 desempe\u00f1arse en los \u00e1mbitos estatales y privados, empresas y organizaciones de la sociedad civil.<\/p>\n<p>Tambi\u00e9n con respecto a su ejercicio profesional , el T\u00e9cnico puede desempe\u00f1arse no s\u00f3lo con\u00a0 relaci\u00f3n de dependencia dentro de las organizaciones , sino tambi\u00e9n de manera aut\u00f3noma.<\/p>\n<p>&nbsp;<\/p>\n<ul>\n<li>\n<h5 style=\"text-align: left;\"><span style=\"color: #ff9900; text-decoration: underline;\"><a title=\"Plan de estudios\" href=\"index.cgi?wid_item=7&amp;wid_seccion=4\">Conoc\u00e9 el Plan de Estudios<\/a>\u00a0<\/span><\/h5>\n<\/li>\n<li>\n<h5 style=\"text-align: left;\"><span style=\"color: #ff9900; text-decoration: underline;\"><a title=\"Plan de estudios\" href=\"https:\/\/isp4c-sfe.infd.edu.ar\/sitio\/diseno-curricular-tecnicatura\/\">Dise\u00f1o Curricular <\/a>\u00a0<\/span><\/h5>\n<\/li>\n<li>\n<h5 style=\"text-align: left;\"><span style=\"color: #ff9900; text-decoration: underline;\"><a title=\"Plan de estudios\" href=\"https:\/\/isp4c-sfe.infd.edu.ar\/sitio\/regimen-academico-marco\/\">Reglamento Acad\u00e9mico Marco<\/a><\/span><\/h5>\n<\/li>\n<li>\n<h5 style=\"text-align: left;\"><span style=\"color: #ff9900; text-decoration: underline;\"><a title=\"Pedido de Informaci\u00f3n\" href=\"index.cgi?wid_form=1&amp;wid_item=16&amp;wid_seccion=4\">Pedido de Informaci\u00f3n <\/a><\/span><\/h5>\n<\/li>\n<li>\n<h5 style=\"text-align: left;\"><span style=\"color: #ff9900; text-decoration: underline;\"><a title=\"Solicitud de Preinscripci\u00f3n\" href=\"index.cgi?wid_form=1&amp;wid_item=19&amp;wid_seccion=4\">Solicitud de Pre inscripci\u00f3n<\/a><\/span><\/h5>\n<\/li>\n<\/ul>\n<h5><\/h5>\n<h5 style=\"text-align: center;\"><em><strong><a title=\"Carreras\" href=\"index.cgi?wid_seccion=17\">Volver al inicio<\/a><\/strong><\/em><\/h5>\n<h3><\/h3>\n","protected":false},"excerpt":{"rendered":"<p>&nbsp; Descripci\u00f3n La Tecnicatura Superior en Gesti\u00f3n de las Organizaciones se propone formar profesionales que se encontrar\u00e1n capacitados para: Planificar, organizar, dirigir y controlar las operaciones relacionadas con las distintas \u00e1reas de una organizaci\u00f3n, teniendo en cuenta la estrategia y las normas de seguridad e higiene en el trabajo. Interactuar con los diferentes roles ocupacionales &#8230; <a title=\"Tecnicatura Superior en Gesti\u00f3n de las Organizaciones\" class=\"read-more\" href=\"https:\/\/isp4c-sfe.infd.edu.ar\/sitio\/tecnicatura-superior-en-comercializacion-y-administracion-de-empresas\/\" aria-label=\"More on Tecnicatura Superior en Gesti\u00f3n de las Organizaciones\">[+]<\/a><\/p>\n","protected":false},"author":55,"featured_media":0,"parent":0,"menu_order":0,"comment_status":"closed","ping_status":"closed","template":"","meta":[],"acf":[],"_links":{"self":[{"href":"https:\/\/isp4c-sfe.infd.edu.ar\/sitio\/wp-json\/wp\/v2\/pages\/781"}],"collection":[{"href":"https:\/\/isp4c-sfe.infd.edu.ar\/sitio\/wp-json\/wp\/v2\/pages"}],"about":[{"href":"https:\/\/isp4c-sfe.infd.edu.ar\/sitio\/wp-json\/wp\/v2\/types\/page"}],"author":[{"embeddable":true,"href":"https:\/\/isp4c-sfe.infd.edu.ar\/sitio\/wp-json\/wp\/v2\/users\/55"}],"replies":[{"embeddable":true,"href":"https:\/\/isp4c-sfe.infd.edu.ar\/sitio\/wp-json\/wp\/v2\/comments?post=781"}],"version-history":[{"count":5,"href":"https:\/\/isp4c-sfe.infd.edu.ar\/sitio\/wp-json\/wp\/v2\/pages\/781\/revisions"}],"predecessor-version":[{"id":1018,"href":"https:\/\/isp4c-sfe.infd.edu.ar\/sitio\/wp-json\/wp\/v2\/pages\/781\/revisions\/1018"}],"wp:attachment":[{"href":"https:\/\/isp4c-sfe.infd.edu.ar\/sitio\/wp-json\/wp\/v2\/media?parent=781"}],"curies":[{"name":"wp","href":"https:\/\/api.w.org\/{rel}","templated":true}]}}