{"id":996,"date":"2021-06-02T07:58:38","date_gmt":"2021-06-02T10:58:38","guid":{"rendered":"https:\/\/isp4c-sfe.infd.edu.ar\/sitio\/?page_id=996"},"modified":"2021-06-07T22:53:30","modified_gmt":"2021-06-08T01:53:30","slug":"tecnicatura-superior-en-enfermeria","status":"publish","type":"page","link":"https:\/\/isp4c-sfe.infd.edu.ar\/sitio\/tecnicatura-superior-en-enfermeria\/","title":{"rendered":"Tecnicatura Superior en Enfermer\u00eda"},"content":{"rendered":"<h3 style=\"text-align: center;\"><span style=\"color: #ff9900; text-decoration: underline;\">Descripci\u00f3n<\/span><\/h3>\n<p style=\"text-align: justify;\">La Tecnicatura Superior en Enfermer\u00eda\u00a0 se propone formar profesionales que se encontrar\u00e1n capacitados para:<\/p>\n<ul>\n<li style=\"text-align: justify;\">Desarrollar y gestionar cuidados de enfermer\u00eda para la promoci\u00f3n, prevenci\u00f3n y recuperaci\u00f3n hasta el nivel de cuidados intermedios con la comunidad<\/li>\n<li style=\"text-align: justify;\">Brindar y gestionar cuidados de enfermer\u00eda en el \u00e1mbito hospitalario hasta el nivel de cuidados intermedios.<\/li>\n<li>Gestionar su \u00e1mbito de trabajo ya sea en relaci\u00f3n de dependencia o en forma libre.<\/li>\n<li>Participar en estudios de investigaci\u00f3n-acci\u00f3n.<\/li>\n<\/ul>\n<h3 style=\"text-align: center;\"><span style=\"color: #ff9900; text-decoration: underline;\">\u00c1rea Ocupacional<\/span><\/h3>\n<p>El T\u00e9cnico Superior en Enfermer\u00eda se podr\u00e1 desempe\u00f1ar en \u00a0el Sector Salud, en el marco de instituciones educativas,<br \/>\nempresas y organizaciones.<\/p>\n<p>B\u00e1sicamente se pueden citar:<\/p>\n<ul>\n<li>Hospitales, cl\u00ednicas, sanatorios.<\/li>\n<li>Comunidad. Centros de Salud. Domicilios.<\/li>\n<li>Empresas y Organizaciones.<\/li>\n<li>Instituciones educativas.<\/li>\n<li>Comit\u00e9s y grupos de trabajo disciplinares y\/o interdisciplinares.<\/li>\n<\/ul>\n<p>&nbsp;<\/p>\n<p>&nbsp;<\/p>\n<ul>\n<li><strong><a href=\"https:\/\/isp4c-sfe.infd.edu.ar\/sitio\/regimen-academico-marco\/\">R\u00e9gimen Acad\u00e9mico Marco\u00a0<\/a>\u00a0\u00a0<\/strong><\/li>\n<li><span lang=\"ES\"><strong><a title=\"Plan de estudios\" href=\"https:\/\/isp4c-sfe.infd.edu.ar\/sitio\/plan-de-estudios-4\/\">Conoc\u00e9 el Plan de Estudios\u00a0<\/a><\/strong><\/span><\/li>\n<li><a href=\"https:\/\/isp4c-sfe.infd.edu.ar\/sitio\/diseno-curricular-2\/\"><strong>Dise\u00f1o Curricular\u00a0<\/strong><\/a><\/li>\n<li><strong><a title=\"Pedido de Informaci\u00f3n\" href=\"https:\/\/isp4c-sfe.infd.edu.ar\/sitio\/profesorado-en-educacion-primaria\/index.cgi?wid_form=1&amp;wid_item=5&amp;wid_seccion=2\">Pedido de Informaci\u00f3n<\/a><\/strong><\/li>\n<\/ul>\n<p>&nbsp;<\/p>\n<h5><\/h5>\n<h5 style=\"text-align: center;\"><em><strong><a title=\"Carreras\" href=\"index.cgi?wid_seccion=17\">Volver al inicio<\/a><\/strong><\/em><\/h5>\n","protected":false},"excerpt":{"rendered":"<p>Descripci\u00f3n La Tecnicatura Superior en Enfermer\u00eda\u00a0 se propone formar profesionales que se encontrar\u00e1n capacitados para: Desarrollar y gestionar cuidados de enfermer\u00eda para la promoci\u00f3n, prevenci\u00f3n y recuperaci\u00f3n hasta el nivel de cuidados intermedios con la comunidad Brindar y gestionar cuidados de enfermer\u00eda en el \u00e1mbito hospitalario hasta el nivel de cuidados intermedios. Gestionar su \u00e1mbito &#8230; <a title=\"Tecnicatura Superior en Enfermer\u00eda\" class=\"read-more\" href=\"https:\/\/isp4c-sfe.infd.edu.ar\/sitio\/tecnicatura-superior-en-enfermeria\/\" aria-label=\"More on Tecnicatura Superior en Enfermer\u00eda\">[+]<\/a><\/p>\n","protected":false},"author":44,"featured_media":0,"parent":0,"menu_order":0,"comment_status":"closed","ping_status":"closed","template":"","meta":[],"acf":[],"_links":{"self":[{"href":"https:\/\/isp4c-sfe.infd.edu.ar\/sitio\/wp-json\/wp\/v2\/pages\/996"}],"collection":[{"href":"https:\/\/isp4c-sfe.infd.edu.ar\/sitio\/wp-json\/wp\/v2\/pages"}],"about":[{"href":"https:\/\/isp4c-sfe.infd.edu.ar\/sitio\/wp-json\/wp\/v2\/types\/page"}],"author":[{"embeddable":true,"href":"https:\/\/isp4c-sfe.infd.edu.ar\/sitio\/wp-json\/wp\/v2\/users\/44"}],"replies":[{"embeddable":true,"href":"https:\/\/isp4c-sfe.infd.edu.ar\/sitio\/wp-json\/wp\/v2\/comments?post=996"}],"version-history":[{"count":3,"href":"https:\/\/isp4c-sfe.infd.edu.ar\/sitio\/wp-json\/wp\/v2\/pages\/996\/revisions"}],"predecessor-version":[{"id":1017,"href":"https:\/\/isp4c-sfe.infd.edu.ar\/sitio\/wp-json\/wp\/v2\/pages\/996\/revisions\/1017"}],"wp:attachment":[{"href":"https:\/\/isp4c-sfe.infd.edu.ar\/sitio\/wp-json\/wp\/v2\/media?parent=996"}],"curies":[{"name":"wp","href":"https:\/\/api.w.org\/{rel}","templated":true}]}}